{"id":2,"date":"2008-02-11T18:24:17","date_gmt":"2008-02-11T17:24:17","guid":{"rendered":""},"modified":"2017-11-12T19:44:10","modified_gmt":"2017-11-12T18:44:10","slug":"seiten-how-to","status":"publish","type":"page","link":"https:\/\/www.doncorso.de\/dcwp\/?page_id=2","title":{"rendered":"How To &#8230;"},"content":{"rendered":"<p><u><strong>Fragen und Antworten zur Webseite:<\/strong><\/u><\/p>\n<p>&nbsp;<\/p>\n<h4><strong>Fr\u00fcher gab\u00b4s eine Linksektion, und jetzt?<\/strong><\/h4>\n<p>Wenn es einen interessanten Link gibt, will ich auch was ausf\u00fchrliches dazu schreiben:<\/p>\n<ul>\n<li>wieso ist er interessant<\/li>\n<li>wie kam ich drauf<\/li>\n<li>kenn ich den Typen, der die Seite xy betreibt<\/li>\n<li>...<\/li>\n<\/ul>\n<p>Daher reicht ein blo\u00dfes Linksetzen nicht aus und eben drum gibt\u00b4s Links jetzt innerhalb des \"normalen\" Blogs. Verwendet einfach die Suche oben rechts und sucht nach \"Linktipp\" um die BLogeintr\u00e4ge danach zu filtern.<\/p>\n<p>&nbsp;<\/p>\n<h4><strong>Fr\u00fcher gabs Links zu den neuesten 4 Gallery-Alben, wo sind die jetzt?<\/strong><\/h4>\n<p>Zu nem neuen Bilder-Album m\u00f6chte ich normalerweise auch das passende DrumRUm erz\u00e4hlen. Fr\u00fcher is automatisch en Thumbnail erschienen, jetzt nichmehr, jetzt solls informativer werden.<\/p>\n<p>&nbsp;<\/p>\n<h4><strong>Ich krieg drei Fehlermeldungen unter \"Zufallsbilder\", wieso?<\/strong><\/h4>\n<p>Die Bildergallerie liegt auf einem externen Server, der \u00fcber Port 8889 erreichbar ist. Viele Firmenfirewalls haben diesen Port nicht ge\u00f6ffnet. Von zu Hause  aus sollte es problemlos gehen, sorry!<\/p>\n","protected":false},"excerpt":{"rendered":"<p>Fragen und Antworten zur Webseite: &nbsp; Fr\u00fcher gab\u00b4s eine Linksektion, und jetzt? Wenn es einen interessanten Link gibt, will ich auch was ausf\u00fchrliches dazu schreiben: wieso ist er interessant wie kam ich drauf kenn ich den Typen, der die Seite xy betreibt ... Daher reicht ein blo\u00dfes Linksetzen nicht aus und eben drum gibt\u00b4s Links <a href=\"https:\/\/www.doncorso.de\/dcwp\/?page_id=2\" class=\"more-link\">...weiterlesen<span class=\"screen-reader-text\"> \"How To &#8230;\"<\/span><\/a><\/p>\n","protected":false},"author":1,"featured_media":0,"parent":0,"menu_order":80,"comment_status":"open","ping_status":"closed","template":"","meta":[],"_links":{"self":[{"href":"https:\/\/www.doncorso.de\/dcwp\/index.php?rest_route=\/wp\/v2\/pages\/2"}],"collection":[{"href":"https:\/\/www.doncorso.de\/dcwp\/index.php?rest_route=\/wp\/v2\/pages"}],"about":[{"href":"https:\/\/www.doncorso.de\/dcwp\/index.php?rest_route=\/wp\/v2\/types\/page"}],"author":[{"embeddable":true,"href":"https:\/\/www.doncorso.de\/dcwp\/index.php?rest_route=\/wp\/v2\/users\/1"}],"replies":[{"embeddable":true,"href":"https:\/\/www.doncorso.de\/dcwp\/index.php?rest_route=%2Fwp%2Fv2%2Fcomments&post=2"}],"version-history":[{"count":1,"href":"https:\/\/www.doncorso.de\/dcwp\/index.php?rest_route=\/wp\/v2\/pages\/2\/revisions"}],"predecessor-version":[{"id":4756,"href":"https:\/\/www.doncorso.de\/dcwp\/index.php?rest_route=\/wp\/v2\/pages\/2\/revisions\/4756"}],"wp:attachment":[{"href":"https:\/\/www.doncorso.de\/dcwp\/index.php?rest_route=%2Fwp%2Fv2%2Fmedia&parent=2"}],"curies":[{"name":"wp","href":"https:\/\/api.w.org\/{rel}","templated":true}]}}